{"id":181,"date":"2024-01-26T17:17:15","date_gmt":"2024-01-26T16:17:15","guid":{"rendered":"https:\/\/www.cyklopacl.cz\/?page_id=181"},"modified":"2026-05-05T06:51:09","modified_gmt":"2026-05-05T04:51:09","slug":"prodej","status":"publish","type":"page","link":"https:\/\/www.cyklopacl.cz\/?page_id=181","title":{"rendered":"Prodej"},"content":{"rendered":"\n<ul class=\"wp-block-list\">\n<li>J\u00edzdn\u00edch kol, kolob\u011b\u017eek, ko\u010d\u00e1rk\u016f, invalidn\u00edch voz\u00edk\u016f, rotoped\u016f aj.<\/li>\n\n\n\n<li>Elektrokol a elektrokolob\u011b\u017eek<\/li>\n\n\n\n<li>Prodej j\u00edzdn\u00edch kol a p\u0159\u00edslu\u0161enstv\u00ed.<\/li>\n\n\n\n<li>M\u00e1te probl\u00e9m kolo \u010di kola dov\u00e9zt? M\u016f\u017eeme se domluvit\u2026<\/li>\n\n\n\n<li>M\u016f\u017eete si tak\u00e9 vybrat ze \u0161irok\u00e9 nab\u00eddky n\u00e1hradn\u00edch d\u00edl\u016f a sou\u010d\u00e1stek k&nbsp;j\u00edzdn\u00edm kol\u016fm.<\/li>\n<\/ul>\n\n\n\n<div style=\"height:10px\" aria-hidden=\"true\" class=\"wp-block-spacer\"><\/div>\n\n\n\n<h1 class=\"wp-block-heading has-text-align-center\">DAL\u0160\u00cd SLU\u017dBY<\/h1>\n\n\n\n<div style=\"height:20px\" aria-hidden=\"true\" class=\"wp-block-spacer\"><\/div>\n\n\n\n<ul class=\"wp-block-list\">\n<li>Drobn\u00e9 opravy v dom\u00e1cnosti<\/li>\n\n\n\n<li>\u00dadr\u017eb\u00e1\u0159sk\u00e9 a mont\u00e1\u017en\u00ed pr\u00e1ce dle domluvy<\/li>\n<\/ul>\n","protected":false},"excerpt":{"rendered":"<p>DAL\u0160\u00cd SLU\u017dBY<\/p>\n","protected":false},"author":2,"featured_media":0,"parent":0,"menu_order":0,"comment_status":"closed","ping_status":"open","template":"wp-custom-template-sablona-prodej","meta":{"footnotes":""},"class_list":["post-181","page","type-page","status-publish","hentry"],"yoast_head":"<!-- This site is optimized with the Yoast SEO plugin v27.5 - https:\/\/yoast.com\/product\/yoast-seo-wordpress\/ -->\n<title>Prodej - cyklopacl.cz<\/title>\n<meta name=\"description\" content=\"DAL\u0160\u00cd SLU\u017dBY\" \/>\n<meta name=\"robots\" content=\"index, follow, max-snippet:-1, max-image-preview:large, max-video-preview:-1\" \/>\n<link rel=\"canonical\" href=\"https:\/\/www.cyklopacl.cz\/?page_id=181\" \/>\n<meta property=\"og:locale\" content=\"cs_CZ\" \/>\n<meta property=\"og:type\" content=\"article\" \/>\n<meta property=\"og:title\" content=\"Prodej - cyklopacl.cz\" \/>\n<meta property=\"og:description\" content=\"DAL\u0160\u00cd SLU\u017dBY\" \/>\n<meta property=\"og:url\" content=\"https:\/\/www.cyklopacl.cz\/?page_id=181\" \/>\n<meta property=\"og:site_name\" content=\"cyklopacl.cz\" \/>\n<meta property=\"article:modified_time\" content=\"2026-05-05T04:51:09+00:00\" \/>\n<meta name=\"twitter:card\" content=\"summary_large_image\" \/>\n<meta name=\"twitter:label1\" content=\"Odhadovan\u00e1 doba \u010dten\u00ed\" \/>\n\t<meta name=\"twitter:data1\" content=\"1 minuta\" \/>\n<script type=\"application\/ld+json\" class=\"yoast-schema-graph\">{\"@context\":\"https:\\\/\\\/schema.org\",\"@graph\":[{\"@type\":\"WebPage\",\"@id\":\"https:\\\/\\\/www.cyklopacl.cz\\\/?page_id=181\",\"url\":\"https:\\\/\\\/www.cyklopacl.cz\\\/?page_id=181\",\"name\":\"Prodej - cyklopacl.cz\",\"isPartOf\":{\"@id\":\"https:\\\/\\\/www.cyklopacl.cz\\\/#website\"},\"datePublished\":\"2024-01-26T16:17:15+00:00\",\"dateModified\":\"2026-05-05T04:51:09+00:00\",\"breadcrumb\":{\"@id\":\"https:\\\/\\\/www.cyklopacl.cz\\\/?page_id=181#breadcrumb\"},\"inLanguage\":\"cs\",\"potentialAction\":[{\"@type\":\"ReadAction\",\"target\":[\"https:\\\/\\\/www.cyklopacl.cz\\\/?page_id=181\"]}]},{\"@type\":\"BreadcrumbList\",\"@id\":\"https:\\\/\\\/www.cyklopacl.cz\\\/?page_id=181#breadcrumb\",\"itemListElement\":[{\"@type\":\"ListItem\",\"position\":1,\"name\":\"Home\",\"item\":\"https:\\\/\\\/www.cyklopacl.cz\\\/\"},{\"@type\":\"ListItem\",\"position\":2,\"name\":\"Prodej\"}]},{\"@type\":\"WebSite\",\"@id\":\"https:\\\/\\\/www.cyklopacl.cz\\\/#website\",\"url\":\"https:\\\/\\\/www.cyklopacl.cz\\\/\",\"name\":\"cyklopacl.cz\",\"description\":\"Opravy a prodej j\u00edzdn\u00edch kol a jin\u00e9 slu\u017eby.\",\"publisher\":{\"@id\":\"https:\\\/\\\/www.cyklopacl.cz\\\/#organization\"},\"potentialAction\":[{\"@type\":\"SearchAction\",\"target\":{\"@type\":\"EntryPoint\",\"urlTemplate\":\"https:\\\/\\\/www.cyklopacl.cz\\\/?s={search_term_string}\"},\"query-input\":{\"@type\":\"PropertyValueSpecification\",\"valueRequired\":true,\"valueName\":\"search_term_string\"}}],\"inLanguage\":\"cs\"},{\"@type\":\"Organization\",\"@id\":\"https:\\\/\\\/www.cyklopacl.cz\\\/#organization\",\"name\":\"cyklopacl.cz\",\"url\":\"https:\\\/\\\/www.cyklopacl.cz\\\/\",\"logo\":{\"@type\":\"ImageObject\",\"inLanguage\":\"cs\",\"@id\":\"https:\\\/\\\/www.cyklopacl.cz\\\/#\\\/schema\\\/logo\\\/image\\\/\",\"url\":\"https:\\\/\\\/www.cyklopacl.cz\\\/wp-content\\\/uploads\\\/2023\\\/12\\\/logo_stranky.png\",\"contentUrl\":\"https:\\\/\\\/www.cyklopacl.cz\\\/wp-content\\\/uploads\\\/2023\\\/12\\\/logo_stranky.png\",\"width\":3460,\"height\":443,\"caption\":\"cyklopacl.cz\"},\"image\":{\"@id\":\"https:\\\/\\\/www.cyklopacl.cz\\\/#\\\/schema\\\/logo\\\/image\\\/\"}}]}<\/script>\n<!-- \/ Yoast SEO plugin. -->","yoast_head_json":{"title":"Prodej - cyklopacl.cz","description":"DAL\u0160\u00cd SLU\u017dBY","robots":{"index":"index","follow":"follow","max-snippet":"max-snippet:-1","max-image-preview":"max-image-preview:large","max-video-preview":"max-video-preview:-1"},"canonical":"https:\/\/www.cyklopacl.cz\/?page_id=181","og_locale":"cs_CZ","og_type":"article","og_title":"Prodej - cyklopacl.cz","og_description":"DAL\u0160\u00cd SLU\u017dBY","og_url":"https:\/\/www.cyklopacl.cz\/?page_id=181","og_site_name":"cyklopacl.cz","article_modified_time":"2026-05-05T04:51:09+00:00","twitter_card":"summary_large_image","twitter_misc":{"Odhadovan\u00e1 doba \u010dten\u00ed":"1 minuta"},"schema":{"@context":"https:\/\/schema.org","@graph":[{"@type":"WebPage","@id":"https:\/\/www.cyklopacl.cz\/?page_id=181","url":"https:\/\/www.cyklopacl.cz\/?page_id=181","name":"Prodej - cyklopacl.cz","isPartOf":{"@id":"https:\/\/www.cyklopacl.cz\/#website"},"datePublished":"2024-01-26T16:17:15+00:00","dateModified":"2026-05-05T04:51:09+00:00","breadcrumb":{"@id":"https:\/\/www.cyklopacl.cz\/?page_id=181#breadcrumb"},"inLanguage":"cs","potentialAction":[{"@type":"ReadAction","target":["https:\/\/www.cyklopacl.cz\/?page_id=181"]}]},{"@type":"BreadcrumbList","@id":"https:\/\/www.cyklopacl.cz\/?page_id=181#breadcrumb","itemListElement":[{"@type":"ListItem","position":1,"name":"Home","item":"https:\/\/www.cyklopacl.cz\/"},{"@type":"ListItem","position":2,"name":"Prodej"}]},{"@type":"WebSite","@id":"https:\/\/www.cyklopacl.cz\/#website","url":"https:\/\/www.cyklopacl.cz\/","name":"cyklopacl.cz","description":"Opravy a prodej j\u00edzdn\u00edch kol a jin\u00e9 slu\u017eby.","publisher":{"@id":"https:\/\/www.cyklopacl.cz\/#organization"},"potentialAction":[{"@type":"SearchAction","target":{"@type":"EntryPoint","urlTemplate":"https:\/\/www.cyklopacl.cz\/?s={search_term_string}"},"query-input":{"@type":"PropertyValueSpecification","valueRequired":true,"valueName":"search_term_string"}}],"inLanguage":"cs"},{"@type":"Organization","@id":"https:\/\/www.cyklopacl.cz\/#organization","name":"cyklopacl.cz","url":"https:\/\/www.cyklopacl.cz\/","logo":{"@type":"ImageObject","inLanguage":"cs","@id":"https:\/\/www.cyklopacl.cz\/#\/schema\/logo\/image\/","url":"https:\/\/www.cyklopacl.cz\/wp-content\/uploads\/2023\/12\/logo_stranky.png","contentUrl":"https:\/\/www.cyklopacl.cz\/wp-content\/uploads\/2023\/12\/logo_stranky.png","width":3460,"height":443,"caption":"cyklopacl.cz"},"image":{"@id":"https:\/\/www.cyklopacl.cz\/#\/schema\/logo\/image\/"}}]}},"_links":{"self":[{"href":"https:\/\/www.cyklopacl.cz\/index.php?rest_route=\/wp\/v2\/pages\/181","targetHints":{"allow":["GET"]}}],"collection":[{"href":"https:\/\/www.cyklopacl.cz\/index.php?rest_route=\/wp\/v2\/pages"}],"about":[{"href":"https:\/\/www.cyklopacl.cz\/index.php?rest_route=\/wp\/v2\/types\/page"}],"author":[{"embeddable":true,"href":"https:\/\/www.cyklopacl.cz\/index.php?rest_route=\/wp\/v2\/users\/2"}],"replies":[{"embeddable":true,"href":"https:\/\/www.cyklopacl.cz\/index.php?rest_route=%2Fwp%2Fv2%2Fcomments&post=181"}],"version-history":[{"count":6,"href":"https:\/\/www.cyklopacl.cz\/index.php?rest_route=\/wp\/v2\/pages\/181\/revisions"}],"predecessor-version":[{"id":308,"href":"https:\/\/www.cyklopacl.cz\/index.php?rest_route=\/wp\/v2\/pages\/181\/revisions\/308"}],"wp:attachment":[{"href":"https:\/\/www.cyklopacl.cz\/index.php?rest_route=%2Fwp%2Fv2%2Fmedia&parent=181"}],"curies":[{"name":"wp","href":"https:\/\/api.w.org\/{rel}","templated":true}]}}