{"id":184,"date":"2024-01-26T16:52:33","date_gmt":"2024-01-26T15:52:33","guid":{"rendered":"https:\/\/www.cyklopacl.cz\/?page_id=184"},"modified":"2024-01-26T16:52:33","modified_gmt":"2024-01-26T15:52:33","slug":"o-mne","status":"publish","type":"page","link":"https:\/\/www.cyklopacl.cz\/?page_id=184","title":{"rendered":"O MN\u011a"},"content":{"rendered":"\n<p>Od roku 2009 se v\u011bnuji sv\u00e9mu kon\u00ed\u010dku, kter\u00fd se stal i m\u00fdm sou\u010dasn\u00fdm povol\u00e1n\u00edm, a to opravami a prodejem j\u00edzdn\u00edch kol. Sna\u017e\u00edm se opravovat v\u0161echna j\u00edzdn\u00ed kola, kter\u00e1 se za n\u011b daj\u00ed pova\u017eovat.<\/p>\n\n\n\n<p>M\u016fj obl\u00edben\u00fd slogan: Kolo je nejb\u00e1je\u010dn\u011bj\u0161\u00ed vyn\u00e1lez lidstva, stejn\u011b jako pohovka\u2026 Bohu\u017eel ani jednoho si b\u011bhem sezony nesta\u010d\u00edm u\u017e\u00edt.<\/p>\n\n\n\n<div style=\"height:18px\" aria-hidden=\"true\" class=\"wp-block-spacer\"><\/div>\n\n\n\n<figure class=\"wp-block-image\"><img fetchpriority=\"high\" decoding=\"async\" width=\"837\" height=\"1024\" src=\"https:\/\/www.cyklopacl.cz\/wp-content\/uploads\/2024\/01\/tuvalum-bzW5lx3Sz6o-unsplash5-837x1024.jpg\" alt=\"\" class=\"wp-image-188\" srcset=\"https:\/\/www.cyklopacl.cz\/wp-content\/uploads\/2024\/01\/tuvalum-bzW5lx3Sz6o-unsplash5-837x1024.jpg 837w, https:\/\/www.cyklopacl.cz\/wp-content\/uploads\/2024\/01\/tuvalum-bzW5lx3Sz6o-unsplash5-245x300.jpg 245w, https:\/\/www.cyklopacl.cz\/wp-content\/uploads\/2024\/01\/tuvalum-bzW5lx3Sz6o-unsplash5-768x940.jpg 768w, https:\/\/www.cyklopacl.cz\/wp-content\/uploads\/2024\/01\/tuvalum-bzW5lx3Sz6o-unsplash5.jpg 1128w\" sizes=\"(max-width: 837px) 100vw, 837px\" \/><\/figure>\n","protected":false},"excerpt":{"rendered":"<p>Od roku 2009 se v\u011bnuji sv\u00e9mu kon\u00ed\u010dku, kter\u00fd se stal i m\u00fdm sou\u010dasn\u00fdm povol\u00e1n\u00edm, a to opravami a prodejem j\u00edzdn\u00edch kol. Sna\u017e\u00edm se opravovat v\u0161echna j\u00edzdn\u00ed kola, kter\u00e1 se za n\u011b daj\u00ed pova\u017eovat. M\u016fj obl\u00edben\u00fd slogan: Kolo je nejb\u00e1je\u010dn\u011bj\u0161\u00ed vyn\u00e1lez lidstva, stejn\u011b jako pohovka\u2026 Bohu\u017eel ani jednoho si b\u011bhem sezony nesta\u010d\u00edm u\u017e\u00edt.<\/p>\n","protected":false},"author":2,"featured_media":0,"parent":0,"menu_order":0,"comment_status":"closed","ping_status":"open","template":"wp-custom-template-sablona-omne","meta":{"footnotes":""},"class_list":["post-184","page","type-page","status-publish","hentry"],"yoast_head":"<!-- This site is optimized with the Yoast SEO plugin v25.7 - https:\/\/yoast.com\/wordpress\/plugins\/seo\/ -->\n<title>O MN\u011a - cyklopacl.cz<\/title>\n<meta name=\"description\" content=\"Od roku 2009 se v\u011bnuji sv\u00e9mu kon\u00ed\u010dku, kter\u00fd se stal i m\u00fdm sou\u010dasn\u00fdm povol\u00e1n\u00edm, a to opravami a prodejem j\u00edzdn\u00edch kol. Sna\u017e\u00edm se opravovat v\u0161echna j\u00edzdn\u00ed kola, kter\u00e1 se za n\u011b daj\u00ed pova\u017eovat. M\u016fj obl\u00edben\u00fd slogan: Kolo je nejb\u00e1je\u010dn\u011bj\u0161\u00ed vyn\u00e1lez lidstva, stejn\u011b jako pohovka\u2026 Bohu\u017eel ani jednoho si b\u011bhem sezony nesta\u010d\u00edm u\u017e\u00edt.\" \/>\n<meta name=\"robots\" content=\"index, follow, max-snippet:-1, max-image-preview:large, max-video-preview:-1\" \/>\n<link rel=\"canonical\" href=\"https:\/\/www.cyklopacl.cz\/?page_id=184\" \/>\n<meta property=\"og:locale\" content=\"cs_CZ\" \/>\n<meta property=\"og:type\" content=\"article\" \/>\n<meta property=\"og:title\" content=\"O MN\u011a - cyklopacl.cz\" \/>\n<meta property=\"og:description\" content=\"Od roku 2009 se v\u011bnuji sv\u00e9mu kon\u00ed\u010dku, kter\u00fd se stal i m\u00fdm sou\u010dasn\u00fdm povol\u00e1n\u00edm, a to opravami a prodejem j\u00edzdn\u00edch kol. Sna\u017e\u00edm se opravovat v\u0161echna j\u00edzdn\u00ed kola, kter\u00e1 se za n\u011b daj\u00ed pova\u017eovat. M\u016fj obl\u00edben\u00fd slogan: Kolo je nejb\u00e1je\u010dn\u011bj\u0161\u00ed vyn\u00e1lez lidstva, stejn\u011b jako pohovka\u2026 Bohu\u017eel ani jednoho si b\u011bhem sezony nesta\u010d\u00edm u\u017e\u00edt.\" \/>\n<meta property=\"og:url\" content=\"https:\/\/www.cyklopacl.cz\/?page_id=184\" \/>\n<meta property=\"og:site_name\" content=\"cyklopacl.cz\" \/>\n<meta property=\"og:image\" content=\"https:\/\/www.cyklopacl.cz\/wp-content\/uploads\/2024\/01\/tuvalum-bzW5lx3Sz6o-unsplash5-837x1024.jpg\" \/>\n<meta name=\"twitter:card\" content=\"summary_large_image\" \/>\n<script type=\"application\/ld+json\" class=\"yoast-schema-graph\">{\"@context\":\"https:\/\/schema.org\",\"@graph\":[{\"@type\":\"WebPage\",\"@id\":\"https:\/\/www.cyklopacl.cz\/?page_id=184\",\"url\":\"https:\/\/www.cyklopacl.cz\/?page_id=184\",\"name\":\"O MN\u011a - cyklopacl.cz\",\"isPartOf\":{\"@id\":\"https:\/\/www.cyklopacl.cz\/#website\"},\"primaryImageOfPage\":{\"@id\":\"https:\/\/www.cyklopacl.cz\/?page_id=184#primaryimage\"},\"image\":{\"@id\":\"https:\/\/www.cyklopacl.cz\/?page_id=184#primaryimage\"},\"thumbnailUrl\":\"https:\/\/www.cyklopacl.cz\/wp-content\/uploads\/2024\/01\/tuvalum-bzW5lx3Sz6o-unsplash5-837x1024.jpg\",\"datePublished\":\"2024-01-26T15:52:33+00:00\",\"breadcrumb\":{\"@id\":\"https:\/\/www.cyklopacl.cz\/?page_id=184#breadcrumb\"},\"inLanguage\":\"cs\",\"potentialAction\":[{\"@type\":\"ReadAction\",\"target\":[\"https:\/\/www.cyklopacl.cz\/?page_id=184\"]}]},{\"@type\":\"ImageObject\",\"inLanguage\":\"cs\",\"@id\":\"https:\/\/www.cyklopacl.cz\/?page_id=184#primaryimage\",\"url\":\"https:\/\/www.cyklopacl.cz\/wp-content\/uploads\/2024\/01\/tuvalum-bzW5lx3Sz6o-unsplash5.jpg\",\"contentUrl\":\"https:\/\/www.cyklopacl.cz\/wp-content\/uploads\/2024\/01\/tuvalum-bzW5lx3Sz6o-unsplash5.jpg\",\"width\":1128,\"height\":1380},{\"@type\":\"BreadcrumbList\",\"@id\":\"https:\/\/www.cyklopacl.cz\/?page_id=184#breadcrumb\",\"itemListElement\":[{\"@type\":\"ListItem\",\"position\":1,\"name\":\"Home\",\"item\":\"https:\/\/www.cyklopacl.cz\/\"},{\"@type\":\"ListItem\",\"position\":2,\"name\":\"O MN\u011a\"}]},{\"@type\":\"WebSite\",\"@id\":\"https:\/\/www.cyklopacl.cz\/#website\",\"url\":\"https:\/\/www.cyklopacl.cz\/\",\"name\":\"cyklopacl.cz\",\"description\":\"Opravy a prodej j\u00edzdn\u00edch kol a jin\u00e9 slu\u017eby.\",\"publisher\":{\"@id\":\"https:\/\/www.cyklopacl.cz\/#organization\"},\"potentialAction\":[{\"@type\":\"SearchAction\",\"target\":{\"@type\":\"EntryPoint\",\"urlTemplate\":\"https:\/\/www.cyklopacl.cz\/?s={search_term_string}\"},\"query-input\":{\"@type\":\"PropertyValueSpecification\",\"valueRequired\":true,\"valueName\":\"search_term_string\"}}],\"inLanguage\":\"cs\"},{\"@type\":\"Organization\",\"@id\":\"https:\/\/www.cyklopacl.cz\/#organization\",\"name\":\"cyklopacl.cz\",\"url\":\"https:\/\/www.cyklopacl.cz\/\",\"logo\":{\"@type\":\"ImageObject\",\"inLanguage\":\"cs\",\"@id\":\"https:\/\/www.cyklopacl.cz\/#\/schema\/logo\/image\/\",\"url\":\"https:\/\/www.cyklopacl.cz\/wp-content\/uploads\/2024\/01\/logo_a_text_3_Kreslici-platno-1_Kreslici-platno-1-2.png\",\"contentUrl\":\"https:\/\/www.cyklopacl.cz\/wp-content\/uploads\/2024\/01\/logo_a_text_3_Kreslici-platno-1_Kreslici-platno-1-2.png\",\"width\":617,\"height\":87,\"caption\":\"cyklopacl.cz\"},\"image\":{\"@id\":\"https:\/\/www.cyklopacl.cz\/#\/schema\/logo\/image\/\"}}]}<\/script>\n<!-- \/ Yoast SEO plugin. -->","yoast_head_json":{"title":"O MN\u011a - cyklopacl.cz","description":"Od roku 2009 se v\u011bnuji sv\u00e9mu kon\u00ed\u010dku, kter\u00fd se stal i m\u00fdm sou\u010dasn\u00fdm povol\u00e1n\u00edm, a to opravami a prodejem j\u00edzdn\u00edch kol. Sna\u017e\u00edm se opravovat v\u0161echna j\u00edzdn\u00ed kola, kter\u00e1 se za n\u011b daj\u00ed pova\u017eovat. M\u016fj obl\u00edben\u00fd slogan: Kolo je nejb\u00e1je\u010dn\u011bj\u0161\u00ed vyn\u00e1lez lidstva, stejn\u011b jako pohovka\u2026 Bohu\u017eel ani jednoho si b\u011bhem sezony nesta\u010d\u00edm u\u017e\u00edt.","robots":{"index":"index","follow":"follow","max-snippet":"max-snippet:-1","max-image-preview":"max-image-preview:large","max-video-preview":"max-video-preview:-1"},"canonical":"https:\/\/www.cyklopacl.cz\/?page_id=184","og_locale":"cs_CZ","og_type":"article","og_title":"O MN\u011a - cyklopacl.cz","og_description":"Od roku 2009 se v\u011bnuji sv\u00e9mu kon\u00ed\u010dku, kter\u00fd se stal i m\u00fdm sou\u010dasn\u00fdm povol\u00e1n\u00edm, a to opravami a prodejem j\u00edzdn\u00edch kol. Sna\u017e\u00edm se opravovat v\u0161echna j\u00edzdn\u00ed kola, kter\u00e1 se za n\u011b daj\u00ed pova\u017eovat. M\u016fj obl\u00edben\u00fd slogan: Kolo je nejb\u00e1je\u010dn\u011bj\u0161\u00ed vyn\u00e1lez lidstva, stejn\u011b jako pohovka\u2026 Bohu\u017eel ani jednoho si b\u011bhem sezony nesta\u010d\u00edm u\u017e\u00edt.","og_url":"https:\/\/www.cyklopacl.cz\/?page_id=184","og_site_name":"cyklopacl.cz","og_image":[{"url":"https:\/\/www.cyklopacl.cz\/wp-content\/uploads\/2024\/01\/tuvalum-bzW5lx3Sz6o-unsplash5-837x1024.jpg","type":"","width":"","height":""}],"twitter_card":"summary_large_image","schema":{"@context":"https:\/\/schema.org","@graph":[{"@type":"WebPage","@id":"https:\/\/www.cyklopacl.cz\/?page_id=184","url":"https:\/\/www.cyklopacl.cz\/?page_id=184","name":"O MN\u011a - cyklopacl.cz","isPartOf":{"@id":"https:\/\/www.cyklopacl.cz\/#website"},"primaryImageOfPage":{"@id":"https:\/\/www.cyklopacl.cz\/?page_id=184#primaryimage"},"image":{"@id":"https:\/\/www.cyklopacl.cz\/?page_id=184#primaryimage"},"thumbnailUrl":"https:\/\/www.cyklopacl.cz\/wp-content\/uploads\/2024\/01\/tuvalum-bzW5lx3Sz6o-unsplash5-837x1024.jpg","datePublished":"2024-01-26T15:52:33+00:00","breadcrumb":{"@id":"https:\/\/www.cyklopacl.cz\/?page_id=184#breadcrumb"},"inLanguage":"cs","potentialAction":[{"@type":"ReadAction","target":["https:\/\/www.cyklopacl.cz\/?page_id=184"]}]},{"@type":"ImageObject","inLanguage":"cs","@id":"https:\/\/www.cyklopacl.cz\/?page_id=184#primaryimage","url":"https:\/\/www.cyklopacl.cz\/wp-content\/uploads\/2024\/01\/tuvalum-bzW5lx3Sz6o-unsplash5.jpg","contentUrl":"https:\/\/www.cyklopacl.cz\/wp-content\/uploads\/2024\/01\/tuvalum-bzW5lx3Sz6o-unsplash5.jpg","width":1128,"height":1380},{"@type":"BreadcrumbList","@id":"https:\/\/www.cyklopacl.cz\/?page_id=184#breadcrumb","itemListElement":[{"@type":"ListItem","position":1,"name":"Home","item":"https:\/\/www.cyklopacl.cz\/"},{"@type":"ListItem","position":2,"name":"O MN\u011a"}]},{"@type":"WebSite","@id":"https:\/\/www.cyklopacl.cz\/#website","url":"https:\/\/www.cyklopacl.cz\/","name":"cyklopacl.cz","description":"Opravy a prodej j\u00edzdn\u00edch kol a jin\u00e9 slu\u017eby.","publisher":{"@id":"https:\/\/www.cyklopacl.cz\/#organization"},"potentialAction":[{"@type":"SearchAction","target":{"@type":"EntryPoint","urlTemplate":"https:\/\/www.cyklopacl.cz\/?s={search_term_string}"},"query-input":{"@type":"PropertyValueSpecification","valueRequired":true,"valueName":"search_term_string"}}],"inLanguage":"cs"},{"@type":"Organization","@id":"https:\/\/www.cyklopacl.cz\/#organization","name":"cyklopacl.cz","url":"https:\/\/www.cyklopacl.cz\/","logo":{"@type":"ImageObject","inLanguage":"cs","@id":"https:\/\/www.cyklopacl.cz\/#\/schema\/logo\/image\/","url":"https:\/\/www.cyklopacl.cz\/wp-content\/uploads\/2024\/01\/logo_a_text_3_Kreslici-platno-1_Kreslici-platno-1-2.png","contentUrl":"https:\/\/www.cyklopacl.cz\/wp-content\/uploads\/2024\/01\/logo_a_text_3_Kreslici-platno-1_Kreslici-platno-1-2.png","width":617,"height":87,"caption":"cyklopacl.cz"},"image":{"@id":"https:\/\/www.cyklopacl.cz\/#\/schema\/logo\/image\/"}}]}},"_links":{"self":[{"href":"https:\/\/www.cyklopacl.cz\/index.php?rest_route=\/wp\/v2\/pages\/184","targetHints":{"allow":["GET"]}}],"collection":[{"href":"https:\/\/www.cyklopacl.cz\/index.php?rest_route=\/wp\/v2\/pages"}],"about":[{"href":"https:\/\/www.cyklopacl.cz\/index.php?rest_route=\/wp\/v2\/types\/page"}],"author":[{"embeddable":true,"href":"https:\/\/www.cyklopacl.cz\/index.php?rest_route=\/wp\/v2\/users\/2"}],"replies":[{"embeddable":true,"href":"https:\/\/www.cyklopacl.cz\/index.php?rest_route=%2Fwp%2Fv2%2Fcomments&post=184"}],"version-history":[{"count":8,"href":"https:\/\/www.cyklopacl.cz\/index.php?rest_route=\/wp\/v2\/pages\/184\/revisions"}],"predecessor-version":[{"id":195,"href":"https:\/\/www.cyklopacl.cz\/index.php?rest_route=\/wp\/v2\/pages\/184\/revisions\/195"}],"wp:attachment":[{"href":"https:\/\/www.cyklopacl.cz\/index.php?rest_route=%2Fwp%2Fv2%2Fmedia&parent=184"}],"curies":[{"name":"wp","href":"https:\/\/api.w.org\/{rel}","templated":true}]}}